{"id":203,"date":"2025-12-05T20:55:35","date_gmt":"2025-12-05T20:55:35","guid":{"rendered":"https:\/\/irinadelich.com\/?page_id=203"},"modified":"2025-12-13T22:06:17","modified_gmt":"2025-12-13T22:06:17","slug":"aviso-legal","status":"publish","type":"page","link":"https:\/\/irinadelich.com\/en\/aviso-legal\/","title":{"rendered":"Legal Notice"},"content":{"rendered":"<div data-elementor-type=\"wp-page\" data-elementor-id=\"203\" class=\"elementor elementor-203\" data-elementor-post-type=\"page\">\n\t\t\t\t<div class=\"elementor-element elementor-element-5117ab2 e-flex e-con-boxed e-con e-parent\" data-id=\"5117ab2\" data-element_type=\"container\">\n\t\t\t\t\t<div class=\"e-con-inner\">\n\t\t\t\t<div class=\"elementor-element elementor-element-445c967 elementor-widget elementor-widget-spacer\" data-id=\"445c967\" data-element_type=\"widget\" data-widget_type=\"spacer.default\">\n\t\t\t\t\t\t\t<div class=\"elementor-spacer\">\n\t\t\t<div class=\"elementor-spacer-inner\"><\/div>\n\t\t<\/div>\n\t\t\t\t\t\t<\/div>\n\t\t\t\t<div class=\"elementor-element elementor-element-1b2ebef elementor-widget elementor-widget-spacer\" data-id=\"1b2ebef\" data-element_type=\"widget\" data-widget_type=\"spacer.default\">\n\t\t\t\t\t\t\t<div class=\"elementor-spacer\">\n\t\t\t<div class=\"elementor-spacer-inner\"><\/div>\n\t\t<\/div>\n\t\t\t\t\t\t<\/div>\n\t\t\t\t\t<\/div>\n\t\t\t\t<\/div>\n\t\t<div class=\"elementor-element elementor-element-0d427b6 e-flex e-con-boxed e-con e-parent\" data-id=\"0d427b6\" data-element_type=\"container\">\n\t\t\t\t\t<div class=\"e-con-inner\">\n\t\t\t\t<div class=\"elementor-element elementor-element-706cc7b elementor-widget elementor-widget-text-editor\" data-id=\"706cc7b\" data-element_type=\"widget\" data-widget_type=\"text-editor.default\">\n\t\t\t\t\t\t\t\t\t<p><span style=\"color: #cea090;\"><strong>Owner: Irina Delich<\/strong><\/span><br \/><span style=\"color: #cea090;\"><strong>Contact email: info@irinadelich.com<\/strong><\/span><br \/><span style=\"color: #cea090;\"><strong>Website: https:\/\/irinadelich.com<\/strong><\/span><\/p><p class=\"s3\"><strong><span class=\"s2\">1. Purpose<\/span><\/strong><\/p><p class=\"s6\"><span class=\"s4\">This legal notice regulates access to, browsing, and use of the website <\/span><span class=\"s2\">irinadelich.com<\/span><span class=\"s4\">, owned by Irina <\/span><span class=\"s4\">Delich<\/span><span class=\"s4\">.<\/span><span class=\"s4\"><br \/><\/span><span class=\"s4\">The purpose of the site is to provide information about the services offered in relation to Neuro-Linguistic Programming (NLP), <\/span><span class=\"s4\">holosomatic breathing<\/span><span class=\"s4\"> (<\/span><span class=\"s4\">Breathwork<\/span><span class=\"s4\">), individual and group coaching sessions, workshops, retreats, collaborations, and wellness experiences, both in person and online, in Spain and other countries.<\/span><\/p><p class=\"s6\"><span class=\"s4\">Access to the site implies full acceptance of the conditions described herein.<\/span><\/p><div class=\"s8\"><div class=\"s7\">\u00a0<\/div><\/div><p class=\"s3\"><strong><span class=\"s2\">2. Intellectual and industrial property<\/span><\/strong><\/p><p class=\"s6\"><span class=\"s4\">All content on the website (text, images, logos, design, and structure) is the property of Irina <\/span><span class=\"s4\">Delich<\/span><span class=\"s4\"> Delich or is licensed for use.<\/span><span class=\"s4\"><br \/><\/span><span class=\"s4\">Its reproduction, distribution, or modification without express authorization is prohibited.<\/span><\/p><div class=\"s8\">\u00a0<\/div><p class=\"s3\"><strong><span class=\"s2\">3. Responsibility for content<\/span><\/strong><\/p><p class=\"s6\"><span class=\"s4\">The content of the site is for informational and educational purposes.<\/span><\/p><p class=\"s6\"><span class=\"s4\">The coaching services, Neuro-Linguistic Programming (NLP), and holosomatic breathing <\/span><span class=\"s4\">holosomatic breathing<\/span><span class=\"s4\">(<\/span><span class=\"s4\">Breathwork<\/span><span class=\"s4\">(Breathwork) offered <\/span><span class=\"s2\">are in no way<\/span><span class=\"s4\"> a substitute for professional medical, psychological, psychiatric, or therapeutic care.<\/span><\/p><p class=\"s6\"><span class=\"s4\">Participation in sessions, workshops, or activities is voluntary and under the responsibility of the user, who declares that they are in adequate physical and mental condition to do so.<\/span><span class=\"s4\"><br \/><\/span><span class=\"s4\">The use of the information contained on the website is the sole responsibility of the user.<\/span><\/p><div class=\"s8\"><div class=\"s7\">\u00a0<\/div><\/div><p class=\"s3\"><strong><span class=\"s2\">4. Use of images and audiovisual material<\/span><\/strong><\/p><p class=\"s6\"><span class=\"s4\">In face-to-face and\/or group activities, participants sign an informed consent form in advance in which they accept their voluntary participation and, where appropriate, authorize the use of images or audiovisual material for informational or promotional purposes, always respecting the privacy and dignity of individuals.<\/span><\/p><div class=\"s8\">\u00a0<\/div><p class=\"s3\"><strong><span class=\"s2\">5. External links<\/span><\/strong><\/p><p class=\"s6\"><span class=\"s4\">This site may include links to third-party websites. Irina <\/span><span class=\"s4\">Delich<\/span><span class=\"s4\"> Delich is not responsible for the content or privacy policies of these sites.<\/span><\/p><div class=\"s8\"><div class=\"s7\">\u00a0<\/div><\/div><p class=\"s3\"><strong><span class=\"s2\">6. Cookie policy<\/span><\/strong><\/p><p class=\"s6\"><span class=\"s4\">The site may use technical or analytical cookies to improve the browsing experience. Users can configure their browser to accept, block, or delete cookies.<\/span><\/p><div class=\"s8\">\u00a0<\/div><p class=\"s3\"><strong><span class=\"s2\">7. Applicable legislation<\/span><\/strong><\/p><p class=\"s6\"><span class=\"s4\">This notice is governed by current Spanish and European legislation, and the courts and tribunals of Mallorca shall have jurisdiction, unless otherwise provided by law.<\/span><\/p>\t\t\t\t\t\t\t\t<\/div>\n\t\t\t\t\t<\/div>\n\t\t\t\t<\/div>\n\t\t\t\t<\/div>","protected":false},"excerpt":{"rendered":"<p>Titular: Irina DelichEmail de contacto: info@irinadelich.comSitio web: https:\/\/irinadelich.com 1. Objeto El presente aviso legal regula el acceso, navegaci\u00f3n y uso del sitio web irinadelich.com, propiedad de Irina Delich.El sitio tiene por objeto informar sobre los servicios ofrecidos relacionados con Programaci\u00f3n Neuroling\u00fc\u00edstica (PNL), respiraci\u00f3n holosom\u00e1tica (Breathwork), sesiones de acompa\u00f1amiento individual y grupal, talleres, retiros, colaboraciones y [&hellip;]<\/p>","protected":false},"author":1,"featured_media":0,"parent":0,"menu_order":0,"comment_status":"closed","ping_status":"closed","template":"","meta":{"footnotes":""},"class_list":["post-203","page","type-page","status-publish","hentry"],"_links":{"self":[{"href":"https:\/\/irinadelich.com\/en\/wp-json\/wp\/v2\/pages\/203","targetHints":{"allow":["GET"]}}],"collection":[{"href":"https:\/\/irinadelich.com\/en\/wp-json\/wp\/v2\/pages"}],"about":[{"href":"https:\/\/irinadelich.com\/en\/wp-json\/wp\/v2\/types\/page"}],"author":[{"embeddable":true,"href":"https:\/\/irinadelich.com\/en\/wp-json\/wp\/v2\/users\/1"}],"replies":[{"embeddable":true,"href":"https:\/\/irinadelich.com\/en\/wp-json\/wp\/v2\/comments?post=203"}],"version-history":[{"count":4,"href":"https:\/\/irinadelich.com\/en\/wp-json\/wp\/v2\/pages\/203\/revisions"}],"predecessor-version":[{"id":267,"href":"https:\/\/irinadelich.com\/en\/wp-json\/wp\/v2\/pages\/203\/revisions\/267"}],"wp:attachment":[{"href":"https:\/\/irinadelich.com\/en\/wp-json\/wp\/v2\/media?parent=203"}],"curies":[{"name":"wp","href":"https:\/\/api.w.org\/{rel}","templated":true}]}}